{"id":1592,"date":"2023-12-31T15:03:52","date_gmt":"2023-12-31T14:03:52","guid":{"rendered":"https:\/\/familiezahn.de\/?page_id=1592"},"modified":"2023-12-31T15:03:52","modified_gmt":"2023-12-31T14:03:52","slug":"jahresrundbrief-2023","status":"publish","type":"page","link":"https:\/\/familiezahn.de\/en\/jahresrundbrief-2023\/","title":{"rendered":"Jahresrundbrief 2023"},"content":{"rendered":"<div class=\"wpb-content-wrapper\"><div class=\"vc_row wpb_row vc_row-fluid dt-default\" style=\"margin-top: 0px;margin-bottom: 0px\"><div class=\"wpb_column vc_column_container vc_col-sm-12\"><div class=\"vc_column-inner\"><div class=\"wpb_wrapper\"><div class=\"ult-spacer spacer-69dac6d38cb8c\" data-id=\"69dac6d38cb8c\" data-height=\"40\" data-height-mobile=\"40\" data-height-tab=\"40\" data-height-tab-portrait=\"\" data-height-mobile-landscape=\"\" style=\"clear:both;display:block;\"><\/div><\/div><\/div><\/div><\/div><div class=\"vc_row wpb_row vc_row-fluid dt-default\" style=\"margin-top: 0px;margin-bottom: 0px\"><div class=\"wpb_column vc_column_container vc_col-sm-4\"><div class=\"vc_column-inner\"><div class=\"wpb_wrapper\"><div class=\"vc_empty_space\"   style=\"height: 32px\"><span class=\"vc_empty_space_inner\"><\/span><\/div><\/div><\/div><\/div><div class=\"wpb_column vc_column_container vc_col-sm-8\"><div class=\"vc_column-inner\"><div class=\"wpb_wrapper\"><section class=\"shortcode-teaser img-full\"><div class=\"shortcode-teaser-content text-big\"><h4>Dear family,<\/h4>\n<h4>wie immer in der Weihnachtszeit, denken wir an euch und senden euch unseren Jahresrundbrief. Wir hoffen, ihr seid alle wohlauf und genie\u00dft den Advent.<\/h4>\n<h4>Beginnen m\u00fcssen wir mit dem wichtigen Hinweis auf unsere Datenschutzerkl\u00e4rung, die ihr \u2013 sofern nicht schon erledigt \u2013 bitte ausf\u00fcllen und an uns zur\u00fccksenden m\u00fcsst. Ohne diese d\u00fcrfen wir noch nicht einmal euren Namen und E-Mailadresse zu administrativen Zwecken speichern, geschweige denn unseren Mitgliedern ein Mitgliederverzeichnis zur Verf\u00fcgung stellen (wie h\u00e4ufiger gew\u00fcnscht). Ihr findet die Datenschutzerkl\u00e4rung im Anhang.<\/h4>\n<h4>Am 20. Mai 2023 kam der Familienrat zu seinem j\u00e4hrlichen Treffen in Moers zusammen mit reger Teilnahme seiner Mitglieder und von G\u00e4sten aus dem Familienkreis. So konnten wir einen wundersch\u00f6nen, langen Tag gemeinsam verbringen. Besonders gefreut haben wir uns \u00fcber die Teilnahme von Friedel Zahn, die inzwischen 101 Jahre alt ist. Unser j\u00fcngster Teilnehmer, Jasper K\u00f6hler, rundete mit seinen 18 Jahren das weite Generationenspektrum unseres Treffens ab.<\/h4>\n<h4>Auf dem Friedhof haben wir ausf\u00fchrlich \u00fcber geeignete Bepflanzung, das Entfernen sch\u00e4dlicher Wucherpflanzen und die Auswahl neuer Str\u00e4ucher besprochen. Es war erstaunlich, wie viel G\u00e4rtnerwissen da vertreten war. J\u00f6rn zeigte uns die Video-Kamera, die er in einem der B\u00e4ume angebracht hat. Wir hoffen, so unbefugte Personen zu entdecken, wenn nicht sogar abzuschrecken.<\/h4>\n<h4>Themen bei der Sitzung des Familienrats waren eine Nachlese zum Familientag 2022 mit vielen guten Anregungen f\u00fcr k\u00fcnftige Familientage und unsere laufenden Projekte. Zun\u00e4chst berichtete Frank Maier-Solgk von der stimmungsvollen Trauerfeier f\u00fcr Volker Luft, der am 11.03.2023 im Alter von 95 Jahren in Regensburg gestorben ist. Unser herzliches Beileid gilt seiner Witwe, Jutta, und seiner Familie.<\/h4>\n<h4>nsere Projekte sind derzeit: Die Fortschreibung unserer Genealogie; das Friedhofs-kompendium mit kurzen Biographien zu allen Verwandten, die dort begraben sind; der weitere Ausbau unserer Website sowie die Umgestaltung des Eingangsbereichs unseres Familienfriedhofs. Diese Projekte wurden bereits ausf\u00fchrlich beim Familientag 2022 besprochen. Neu ist die Idee, ein regionales Familientreffen in Hamburg speziell f\u00fcr die norddeutschen Verwandten zu organisieren. Wir sind auf Anregungen und W\u00fcnsche aus dem Familienkreis f\u00fcr dieses Vorhaben gespannt. Sabine wird sich hierzu mit den \u201e\u00fcblichen Verd\u00e4chtigen\u201c in der Region austauschen.<\/h4>\n<h4>Unser Bauantrag f\u00fcr die Umgestaltung des Weges im Eingangsbereichs unseres Friedhofs wurde bereits von der Stadt Moers genehmigt. Die Ausf\u00fchrung durch ein empfohlenes Moerser Gartenbauunternehmen soll im n\u00e4chsten Jahr erfolgen.<\/h4>\n<h4>Au\u00dferdem beginnen wir gerade mit den ersten Vorbereitungen f\u00fcr den Zwischenfamilientag. Auf der Mitgliederversammlung 2022 wurde beschlossen, ihn wieder f\u00fcr M\u00fcnchen zu planen, nachdem er wegen der Corona-Pandemie zweimal verschoben werden musste. Der Zwischenfamilientag in M\u00fcnchen findet nur am Himmelfahrtswochenende 2025 statt, von Freitag, 30.05. bis Sonntag, 01.06.2025. Bitte merkt euch dieses Datum schon einmal vor.<\/h4>\n<h4>Wir bem\u00fchen uns darum, die Kommunikation innerhalb der Familie und rund um die Familie Zahn zu erleichtern. Dazu gibt es, wie ihr wisst, seit zwei Jahren unsere Website www.familiezahn.de. Diese besitzt eine Rubrik \u201eMitglieder\u201c, die ausschlie\u00dflich f\u00fcr unsere Familienmitglieder zug\u00e4nglich und mit einem Passwort gesch\u00fctzt ist. Im vergangenen Jahr hatten wir verschiedene technische Schwierigkeiten zu l\u00f6sen, wegen derer der Zugang zu den Seiten zeitweise nicht m\u00f6glich war. Nun funktioniert die Website wieder problemlos. Ab dem 01.01.2024 gibt es ein neues, immer noch einheitliches Passwort: <strong>Familientag2025<\/strong>.<\/h4>\n<h4>Wer unserer WhatsApp-Gruppe <strong>\u201eZahn Family &amp; Friends\u201c<\/strong> beitreten m\u00f6chte, die Jasper K\u00f6hler, unser Jugendbeauftragter, ins Leben gerufen hat, meldet sich bitte bei Sabine, Jasper oder Hans, dann f\u00fcgen wir euch gerne dieser hinzu.<\/h4>\n<h4>Wie jedes Jahr, bitten wir auch diesmal darum, in eurer Familie neue Mitglieder f\u00fcr unseren Familienverband zu gewinnen. Daher senden wir euch auch wieder ein Mitgliedsformular (s. Anhang).<\/h4>\n<h4>Wichtig f\u00fcr den Familienverband ist es, dass ihr uns \u00fcber aktuelle Ver\u00e4nderungen in eurer n\u00e4heren Familie (Geburten, Hochzeiten, Umz\u00fcge, Todesf\u00e4lle) auf dem Laufenden haltet.<\/h4>\n<h4>Wir w\u00fcnschen euch gesegnete Weihnachten und ein gesundes, gl\u00fcckliches und erfolgreiches Neues Jahr und freuen uns auf eure Nachrichten und Vorschl\u00e4ge sowie auf ein Wiedersehen.<\/h4>\n<h4>Greetings<\/h4>\n<h4>Eure<\/h4>\n<h4><b>Sabine, Hans und J\u00f6rn<\/b><\/h4>\n<\/div><\/section><\/div><\/div><\/div><div class=\"wpb_column vc_column_container vc_col-sm-12\"><div class=\"vc_column-inner\"><div class=\"wpb_wrapper\"><\/div><\/div><\/div><\/div>\n<\/div>","protected":false},"excerpt":{"rendered":"","protected":false},"author":2,"featured_media":0,"parent":0,"menu_order":0,"comment_status":"closed","ping_status":"closed","template":"","meta":{"footnotes":""},"class_list":["post-1592","page","type-page","status-publish","hentry","description-off"],"yoast_head":"<!-- This site is optimized with the Yoast SEO plugin v26.6 - https:\/\/yoast.com\/wordpress\/plugins\/seo\/ -->\n<title>Jahresrundbrief 2023 - Familie Zahn<\/title>\n<meta name=\"robots\" content=\"index, follow, max-snippet:-1, max-image-preview:large, max-video-preview:-1\" \/>\n<link rel=\"canonical\" href=\"https:\/\/familiezahn.de\/en\/jahresrundbrief-2023\/\" \/>\n<meta property=\"og:locale\" content=\"en_US\" \/>\n<meta property=\"og:type\" content=\"article\" \/>\n<meta property=\"og:title\" content=\"Jahresrundbrief 2023 - Familie Zahn\" \/>\n<meta property=\"og:url\" content=\"https:\/\/familiezahn.de\/en\/jahresrundbrief-2023\/\" \/>\n<meta property=\"og:site_name\" content=\"Familie Zahn\" \/>\n<meta name=\"twitter:card\" content=\"summary_large_image\" \/>\n<meta name=\"twitter:label1\" content=\"Est. reading time\" \/>\n\t<meta name=\"twitter:data1\" content=\"4 minutes\" \/>\n<script type=\"application\/ld+json\" class=\"yoast-schema-graph\">{\"@context\":\"https:\/\/schema.org\",\"@graph\":[{\"@type\":\"WebPage\",\"@id\":\"https:\/\/familiezahn.de\/jahresrundbrief-2023\/\",\"url\":\"https:\/\/familiezahn.de\/jahresrundbrief-2023\/\",\"name\":\"Jahresrundbrief 2023 - Familie Zahn\",\"isPartOf\":{\"@id\":\"https:\/\/familiezahn.de\/#website\"},\"datePublished\":\"2023-12-31T14:03:52+00:00\",\"breadcrumb\":{\"@id\":\"https:\/\/familiezahn.de\/jahresrundbrief-2023\/#breadcrumb\"},\"inLanguage\":\"en-US\",\"potentialAction\":[{\"@type\":\"ReadAction\",\"target\":[\"https:\/\/familiezahn.de\/jahresrundbrief-2023\/\"]}]},{\"@type\":\"BreadcrumbList\",\"@id\":\"https:\/\/familiezahn.de\/jahresrundbrief-2023\/#breadcrumb\",\"itemListElement\":[{\"@type\":\"ListItem\",\"position\":1,\"name\":\"Startseite\",\"item\":\"https:\/\/familiezahn.de\/\"},{\"@type\":\"ListItem\",\"position\":2,\"name\":\"Jahresrundbrief 2023\"}]},{\"@type\":\"WebSite\",\"@id\":\"https:\/\/familiezahn.de\/#website\",\"url\":\"https:\/\/familiezahn.de\/\",\"name\":\"Familie Zahn\",\"description\":\"Eine weitere WordPress-Website\",\"potentialAction\":[{\"@type\":\"SearchAction\",\"target\":{\"@type\":\"EntryPoint\",\"urlTemplate\":\"https:\/\/familiezahn.de\/?s={search_term_string}\"},\"query-input\":{\"@type\":\"PropertyValueSpecification\",\"valueRequired\":true,\"valueName\":\"search_term_string\"}}],\"inLanguage\":\"en-US\"}]}<\/script>\n<!-- \/ Yoast SEO plugin. -->","yoast_head_json":{"title":"Jahresrundbrief 2023 - Familie Zahn","robots":{"index":"index","follow":"follow","max-snippet":"max-snippet:-1","max-image-preview":"max-image-preview:large","max-video-preview":"max-video-preview:-1"},"canonical":"https:\/\/familiezahn.de\/en\/jahresrundbrief-2023\/","og_locale":"en_US","og_type":"article","og_title":"Jahresrundbrief 2023 - Familie Zahn","og_url":"https:\/\/familiezahn.de\/en\/jahresrundbrief-2023\/","og_site_name":"Familie Zahn","twitter_card":"summary_large_image","twitter_misc":{"Est. reading time":"4 minutes"},"schema":{"@context":"https:\/\/schema.org","@graph":[{"@type":"WebPage","@id":"https:\/\/familiezahn.de\/jahresrundbrief-2023\/","url":"https:\/\/familiezahn.de\/jahresrundbrief-2023\/","name":"Jahresrundbrief 2023 - Familie Zahn","isPartOf":{"@id":"https:\/\/familiezahn.de\/#website"},"datePublished":"2023-12-31T14:03:52+00:00","breadcrumb":{"@id":"https:\/\/familiezahn.de\/jahresrundbrief-2023\/#breadcrumb"},"inLanguage":"en-US","potentialAction":[{"@type":"ReadAction","target":["https:\/\/familiezahn.de\/jahresrundbrief-2023\/"]}]},{"@type":"BreadcrumbList","@id":"https:\/\/familiezahn.de\/jahresrundbrief-2023\/#breadcrumb","itemListElement":[{"@type":"ListItem","position":1,"name":"Startseite","item":"https:\/\/familiezahn.de\/"},{"@type":"ListItem","position":2,"name":"Jahresrundbrief 2023"}]},{"@type":"WebSite","@id":"https:\/\/familiezahn.de\/#website","url":"https:\/\/familiezahn.de\/","name":"Zahn family","description":"Eine weitere WordPress-Website","potentialAction":[{"@type":"SearchAction","target":{"@type":"EntryPoint","urlTemplate":"https:\/\/familiezahn.de\/?s={search_term_string}"},"query-input":{"@type":"PropertyValueSpecification","valueRequired":true,"valueName":"search_term_string"}}],"inLanguage":"en-US"}]}},"_links":{"self":[{"href":"https:\/\/familiezahn.de\/en\/wp-json\/wp\/v2\/pages\/1592","targetHints":{"allow":["GET"]}}],"collection":[{"href":"https:\/\/familiezahn.de\/en\/wp-json\/wp\/v2\/pages"}],"about":[{"href":"https:\/\/familiezahn.de\/en\/wp-json\/wp\/v2\/types\/page"}],"author":[{"embeddable":true,"href":"https:\/\/familiezahn.de\/en\/wp-json\/wp\/v2\/users\/2"}],"replies":[{"embeddable":true,"href":"https:\/\/familiezahn.de\/en\/wp-json\/wp\/v2\/comments?post=1592"}],"version-history":[{"count":1,"href":"https:\/\/familiezahn.de\/en\/wp-json\/wp\/v2\/pages\/1592\/revisions"}],"predecessor-version":[{"id":1593,"href":"https:\/\/familiezahn.de\/en\/wp-json\/wp\/v2\/pages\/1592\/revisions\/1593"}],"wp:attachment":[{"href":"https:\/\/familiezahn.de\/en\/wp-json\/wp\/v2\/media?parent=1592"}],"curies":[{"name":"wp","href":"https:\/\/api.w.org\/{rel}","templated":true}]}}