{"id":1621,"date":"2024-01-23T17:24:08","date_gmt":"2024-01-23T16:24:08","guid":{"rendered":"https:\/\/familiezahn.de\/?page_id=1621"},"modified":"2024-01-23T17:24:08","modified_gmt":"2024-01-23T16:24:08","slug":"der-friedhof-der-familie-zahn-in-moers-vinn","status":"publish","type":"page","link":"https:\/\/familiezahn.de\/en\/der-friedhof-der-familie-zahn-in-moers-vinn\/","title":{"rendered":"Der Friedhof der Familie Zahn in Moers-Vinn"},"content":{"rendered":"<div class=\"wpb-content-wrapper\"><div class=\"vc_row wpb_row vc_row-fluid dt-default\" style=\"margin-top: 0px;margin-bottom: 0px\"><div class=\"wpb_column vc_column_container vc_col-sm-12\"><div class=\"vc_column-inner\"><div class=\"wpb_wrapper\"><div class=\"ult-spacer spacer-69d0616510eba\" data-id=\"69d0616510eba\" data-height=\"40\" data-height-mobile=\"40\" data-height-tab=\"40\" data-height-tab-portrait=\"\" data-height-mobile-landscape=\"\" style=\"clear:both;display:block;\"><\/div><\/div><\/div><\/div><\/div><div class=\"vc_row wpb_row vc_row-fluid dt-default\" style=\"margin-top: 0px;margin-bottom: 0px\"><div class=\"wpb_column vc_column_container vc_col-sm-4\"><div class=\"vc_column-inner\"><div class=\"wpb_wrapper\"><div class=\"vc_empty_space\"   style=\"height: 32px\"><span class=\"vc_empty_space_inner\"><\/span><\/div><\/div><\/div><\/div><div class=\"wpb_column vc_column_container vc_col-sm-8\"><div class=\"vc_column-inner\"><div class=\"wpb_wrapper\"><section class=\"shortcode-teaser img-full\"><div class=\"shortcode-teaser-content text-big\"><div class=\"page\" title=\"Page 1\">\n<div class=\"layoutArea\">\n<div class=\"column\">\n<h4>Die Gr\u00fcndung des Familienfriedhofs hat folgenden Ursprung:<\/h4>\n<h4>Franz Ludwig Zahn, der 1832 von Dresden nach Moers als Leiter des Lehrerseminars berufen wurde, verf\u00fcgte \u00fcber hervorragende Beziehungen zum Preu\u00dfischen K\u00f6nigshaus. Als es 1848 zur Revolution kam, fand diese in Moers nur ansatzweise statt. Nachdem sich auf dem Alten Marktplatz eine Menschenmenge formiert hatte, hielt Franz Ludwig eine eindr\u00fcckliche \u00f6ffentliche Ansprache, erkl\u00e4rte die Revolution f\u00fcr beendet und schickte die Moerser B\u00fcrger wieder nach Hause. Franz Ludwig initiierte wenig sp\u00e4ter eine Deputationsreise nach Berlin und \u00fcbergab dem K\u00f6nig dort ein Treueschreiben der Grafschaft Moers, welches mit einer Einladung zur Feier ihrer 150j\u00e4hrigen Zugeh\u00f6rigkeit zu Preu\u00dfen verbunden war.<span class=\"Apple-converted-space\">\u00a0<\/span><\/h4>\n<h4>So kam es tats\u00e4chlich 1852 zu einem Besuch des Preu\u00dfischen K\u00f6nigs Friedrich Wilhem IV. in Moers. Der K\u00f6nig wohnte w\u00e4hrend seines Aufenthaltes im Moerser Schloss bei der Familie Wintgens und besuchte von dort aus Franz Ludwig Zahn auf Gut Fild. Bei dieser Gelegenheit hat Franz Ludwig den K\u00f6nig wohl um die Erlaubnis gebeten, auf einem St\u00fcck Land seines Gutes k\u00fcnftig seine Angeh\u00f6rigen beerdigen zu d\u00fcrfen. 1853 starb seine 1. Frau, Anna geb. Schlatter. Er begrub sie auf dem sog. Waisenberg, wo sich heute unser Friedhof befindet.<span class=\"Apple-converted-space\">\u00a0<\/span><\/h4>\n<h4>Wenig sp\u00e4ter wurde Heinrich Zahn, ein Sohn von Johannes Zahn, der im Kleinkindalter starb, hier beigesetzt. 1890 starb Franz Ludwig und wurde ebenfalls hier begraben. Als die Erben Gut Fild 1904 an den Bauern Averdunk verkaufen, wird nach einem im Grundbuch der Gemarkung Vinn auf S. 222 eingetragenen Vermerk das Friedhofsgrundst\u00fcck ausdr\u00fccklich vom Verkauf ausgeschlossen. <span class=\"Apple-converted-space\">\u00a0<\/span><\/h4>\n<h4>Durch die weitere Erbfolge fand eine Vermehrung der anteiligen Besitzer des Familienfriedhofs statt, die schnell un\u00fcbersichtlich wurde und st\u00e4ndige Ver\u00e4nderungen des Grundbuches verlangte. Deshalb fassten die Br\u00fcder Carl und Hans Zahn, zwei Enkel von Franz Ludwig, den Plan, den Zahn\u00b4schen Familienverband e.V. zu gr\u00fcnden. Am 16. 06 1939, als die Familie sich zum Andenken an Laura Zahn zu deren 100. Geburtstag in Moers versammelte, fand die Gr\u00fcndung statt. Den ersten Vorstand bildeten Carl und Hans sowie ihr Vetter Franz Zahn. Ein Schild wurde auf dem Friedhof aufgestellt, dass der Friedhof nun Besitz des Zahn\u00b4schen Familienverbandes sei. Durch \u201eErsitzen\u201c wurde der Familienverband 1941 dann tats\u00e4chlich Eigent\u00fcmer des Familienfriedhofes.<span class=\"Apple-converted-space\">\u00a0<\/span><\/h4>\n<h4>Unser Friedhof hat die Gr\u00f6\u00dfe von rd. 900 qm. In seiner Geschichte wurde er mehrfach umgestaltet, zuletzt 2001 \u2013 2002. Der Taxus in der Mitte des Friedhofes wurde erheblich zusammengestutzt, so dass der hintere Teil des Friedhofes nicht l\u00e4nger im Schatten liegen muss. Die Grabh\u00fcgel von Franz Ludwig und seinen beiden Frauen sind heute g\u00e4nzlich mit Efeu bewachsen. Im Zuge dieser Arbeiten wurde auch die Gruft von Franz Ludwig ge\u00f6ffnet. Im Gegensatz zu fr\u00fcheren Beschreibungen gibt es keine begehbare Gruft, sondern die Toten ruhen jeweils in einer einzelnen kleinen Gruft, die aus Backsteinen gemauert ist.<\/h4>\n<h4>Der Familienfriedhof steht nicht unter Denkmalschutz, wurde jedoch 1993 in vom Rheinischen Amt f\u00fcr Denkmalpflege in die Liste bedeutender Denkm\u00e4ler aufgenommen. \u00dcber 50 Nachkommen von Franz Ludwig ruhen bis heute auf unserem Familienfriedhof, Eine Ausnahme bildet das Ehepaar Moll, das nicht mit uns verwandt ist. Sie waren treue Hauseltern in der Taubstummenanstalt von Franz Ludwig, denen er aus Dankbarkeit ein Beerdigungsprevileg verliehen hat.<\/h4>\n<\/div>\n<\/div>\n<\/div>\n<\/div><\/section><\/div><\/div><\/div><div class=\"wpb_column vc_column_container vc_col-sm-12\"><div class=\"vc_column-inner\"><div class=\"wpb_wrapper\"><\/div><\/div><\/div><\/div>\n<\/div>","protected":false},"excerpt":{"rendered":"","protected":false},"author":2,"featured_media":0,"parent":0,"menu_order":0,"comment_status":"closed","ping_status":"closed","template":"","meta":{"footnotes":""},"class_list":["post-1621","page","type-page","status-publish","hentry","description-off"],"yoast_head":"<!-- This site is optimized with the Yoast SEO plugin v26.6 - https:\/\/yoast.com\/wordpress\/plugins\/seo\/ -->\n<title>Der Friedhof der Familie Zahn in Moers-Vinn - Familie Zahn<\/title>\n<meta name=\"robots\" content=\"index, follow, max-snippet:-1, max-image-preview:large, max-video-preview:-1\" \/>\n<link rel=\"canonical\" href=\"https:\/\/familiezahn.de\/en\/der-friedhof-der-familie-zahn-in-moers-vinn\/\" \/>\n<meta property=\"og:locale\" content=\"en_US\" \/>\n<meta property=\"og:type\" content=\"article\" \/>\n<meta property=\"og:title\" content=\"Der Friedhof der Familie Zahn in Moers-Vinn - Familie Zahn\" \/>\n<meta property=\"og:url\" content=\"https:\/\/familiezahn.de\/en\/der-friedhof-der-familie-zahn-in-moers-vinn\/\" \/>\n<meta property=\"og:site_name\" content=\"Familie Zahn\" \/>\n<meta name=\"twitter:card\" content=\"summary_large_image\" \/>\n<meta name=\"twitter:label1\" content=\"Est. reading time\" \/>\n\t<meta name=\"twitter:data1\" content=\"3 minutes\" \/>\n<script type=\"application\/ld+json\" class=\"yoast-schema-graph\">{\"@context\":\"https:\/\/schema.org\",\"@graph\":[{\"@type\":\"WebPage\",\"@id\":\"https:\/\/familiezahn.de\/der-friedhof-der-familie-zahn-in-moers-vinn\/\",\"url\":\"https:\/\/familiezahn.de\/der-friedhof-der-familie-zahn-in-moers-vinn\/\",\"name\":\"Der Friedhof der Familie Zahn in Moers-Vinn - Familie Zahn\",\"isPartOf\":{\"@id\":\"https:\/\/familiezahn.de\/#website\"},\"datePublished\":\"2024-01-23T16:24:08+00:00\",\"breadcrumb\":{\"@id\":\"https:\/\/familiezahn.de\/der-friedhof-der-familie-zahn-in-moers-vinn\/#breadcrumb\"},\"inLanguage\":\"en-US\",\"potentialAction\":[{\"@type\":\"ReadAction\",\"target\":[\"https:\/\/familiezahn.de\/der-friedhof-der-familie-zahn-in-moers-vinn\/\"]}]},{\"@type\":\"BreadcrumbList\",\"@id\":\"https:\/\/familiezahn.de\/der-friedhof-der-familie-zahn-in-moers-vinn\/#breadcrumb\",\"itemListElement\":[{\"@type\":\"ListItem\",\"position\":1,\"name\":\"Startseite\",\"item\":\"https:\/\/familiezahn.de\/\"},{\"@type\":\"ListItem\",\"position\":2,\"name\":\"Der Friedhof der Familie Zahn in Moers-Vinn\"}]},{\"@type\":\"WebSite\",\"@id\":\"https:\/\/familiezahn.de\/#website\",\"url\":\"https:\/\/familiezahn.de\/\",\"name\":\"Familie Zahn\",\"description\":\"Eine weitere WordPress-Website\",\"potentialAction\":[{\"@type\":\"SearchAction\",\"target\":{\"@type\":\"EntryPoint\",\"urlTemplate\":\"https:\/\/familiezahn.de\/?s={search_term_string}\"},\"query-input\":{\"@type\":\"PropertyValueSpecification\",\"valueRequired\":true,\"valueName\":\"search_term_string\"}}],\"inLanguage\":\"en-US\"}]}<\/script>\n<!-- \/ Yoast SEO plugin. -->","yoast_head_json":{"title":"Der Friedhof der Familie Zahn in Moers-Vinn - Familie Zahn","robots":{"index":"index","follow":"follow","max-snippet":"max-snippet:-1","max-image-preview":"max-image-preview:large","max-video-preview":"max-video-preview:-1"},"canonical":"https:\/\/familiezahn.de\/en\/der-friedhof-der-familie-zahn-in-moers-vinn\/","og_locale":"en_US","og_type":"article","og_title":"Der Friedhof der Familie Zahn in Moers-Vinn - Familie Zahn","og_url":"https:\/\/familiezahn.de\/en\/der-friedhof-der-familie-zahn-in-moers-vinn\/","og_site_name":"Familie Zahn","twitter_card":"summary_large_image","twitter_misc":{"Est. reading time":"3 minutes"},"schema":{"@context":"https:\/\/schema.org","@graph":[{"@type":"WebPage","@id":"https:\/\/familiezahn.de\/der-friedhof-der-familie-zahn-in-moers-vinn\/","url":"https:\/\/familiezahn.de\/der-friedhof-der-familie-zahn-in-moers-vinn\/","name":"Der Friedhof der Familie Zahn in Moers-Vinn - Familie Zahn","isPartOf":{"@id":"https:\/\/familiezahn.de\/#website"},"datePublished":"2024-01-23T16:24:08+00:00","breadcrumb":{"@id":"https:\/\/familiezahn.de\/der-friedhof-der-familie-zahn-in-moers-vinn\/#breadcrumb"},"inLanguage":"en-US","potentialAction":[{"@type":"ReadAction","target":["https:\/\/familiezahn.de\/der-friedhof-der-familie-zahn-in-moers-vinn\/"]}]},{"@type":"BreadcrumbList","@id":"https:\/\/familiezahn.de\/der-friedhof-der-familie-zahn-in-moers-vinn\/#breadcrumb","itemListElement":[{"@type":"ListItem","position":1,"name":"Startseite","item":"https:\/\/familiezahn.de\/"},{"@type":"ListItem","position":2,"name":"Der Friedhof der Familie Zahn in Moers-Vinn"}]},{"@type":"WebSite","@id":"https:\/\/familiezahn.de\/#website","url":"https:\/\/familiezahn.de\/","name":"Zahn family","description":"Eine weitere WordPress-Website","potentialAction":[{"@type":"SearchAction","target":{"@type":"EntryPoint","urlTemplate":"https:\/\/familiezahn.de\/?s={search_term_string}"},"query-input":{"@type":"PropertyValueSpecification","valueRequired":true,"valueName":"search_term_string"}}],"inLanguage":"en-US"}]}},"_links":{"self":[{"href":"https:\/\/familiezahn.de\/en\/wp-json\/wp\/v2\/pages\/1621","targetHints":{"allow":["GET"]}}],"collection":[{"href":"https:\/\/familiezahn.de\/en\/wp-json\/wp\/v2\/pages"}],"about":[{"href":"https:\/\/familiezahn.de\/en\/wp-json\/wp\/v2\/types\/page"}],"author":[{"embeddable":true,"href":"https:\/\/familiezahn.de\/en\/wp-json\/wp\/v2\/users\/2"}],"replies":[{"embeddable":true,"href":"https:\/\/familiezahn.de\/en\/wp-json\/wp\/v2\/comments?post=1621"}],"version-history":[{"count":1,"href":"https:\/\/familiezahn.de\/en\/wp-json\/wp\/v2\/pages\/1621\/revisions"}],"predecessor-version":[{"id":1622,"href":"https:\/\/familiezahn.de\/en\/wp-json\/wp\/v2\/pages\/1621\/revisions\/1622"}],"wp:attachment":[{"href":"https:\/\/familiezahn.de\/en\/wp-json\/wp\/v2\/media?parent=1621"}],"curies":[{"name":"wp","href":"https:\/\/api.w.org\/{rel}","templated":true}]}}