{"id":181,"date":"2021-01-23T18:29:36","date_gmt":"2021-01-23T17:29:36","guid":{"rendered":"https:\/\/familiezahn.de\/?page_id=181"},"modified":"2021-01-23T18:38:06","modified_gmt":"2021-01-23T17:38:06","slug":"zeittafel-franz-ludwig-zahn","status":"publish","type":"page","link":"https:\/\/familiezahn.de\/en\/zeittafel-franz-ludwig-zahn\/","title":{"rendered":"Zeittafel Franz Ludwig Zahn"},"content":{"rendered":"<p>6.10.1798geboren in Wasserthaleben (heute: Th\u00fcringen) als 5. Kind von 13,<br \/>\nVater: Johann Gottlieb Zahn, daselbst Pfarrer an der evangelisch-lutherischen Kirche in 3. Generation in Folge,<br \/>\nMother: Anna n\u00e9e Koch<\/p>\n<p>1815Jurastudium in Jena<br \/>\n1822Theologiestudium in Berlin, Aufnahme bei Baron v.\u00a0Kottwitz<br \/>\n1823Reise mit v.\u00a0Kottwitz\u00a0nach Schlesien<br \/>\n1825wendet sich der Lehrerbildung zu<\/p>\n<p>1825 \u2013 27Lehrer am Schullehrerseminar in Wei\u00dfenfels<\/p>\n<p>1.7.1827Heirat mit Anna Schlatter (Tochter der Anna Schlatter-Bernet<br \/>\naus St. Gallen)<\/p>\n<p>1827anonyme Streitschrift \u201eDinter und seine Schulleiterbibel\u201c<\/p>\n<p>1827 \u2013 32Direktor\u00a0d,von\u00a0Fletscherschen\u00a0Seminars Dresden<br \/>\n(Kuratoren: Graf v. Einsiedel, Graf\u00a0Dohna)<\/p>\n<p>1830Hrg. \u201eDas Reich Gottes auf Erden\u201c f\u00fcr Lehrer, fortgeschrittene Sch\u00fcler und zum Selbststudium, Handbuch zur biblischen Kirchengeschichte<br \/>\n\u201ePassionsb\u00fcchlein\u201c\u00a0zum Besten der Taubstummen<\/p>\n<p>1831\u201eBiblische Geschichte nebst\u00a0Denkw\u00fcrdigkeitenaus\u00a0der Kirchengeschichte\u00a0 &#8211; Geschichte des Reiches Gottes\u201c(Bd.I)<\/p>\n<p>1832Amtseintritt in Moers als Direktor des K\u00f6niglich Preu\u00dfischen Lehrerseminars in Moers (als Nachfolger d. Gr\u00fcndungsdirektors Adolf\u00a0Diesterweg)<br \/>\nGr\u00fcndung d. Rheinischen Schulbuchhandlung \u201eBiblische Historien\u201c nach\u00a0d.Kirchenjahr\u00a0geordnet, mit Lehren, Bibelversen u. Liedern versehen, (sp\u00e4ter zus. 40 Abbildungen)<\/p>\n<p>1834Eingabe\u00a0a.d.Preu\u00dfische\u00a0Regierung, die Notwendigkeit von Pr\u00e4paranden-Anstalten betreffend. Weitere Eingaben: 1833, 1841<br \/>\n\u201eDas Reich Gottes auf Erden\u201c,\u00a0Teil II (Harmonie d. Evangelien)<\/p>\n<p>1835Er\u00f6ffnung einer eigenen Druckerei<\/p>\n<p>1836Gr\u00fcndung einer Pr\u00e4paranden-Anstalt auf privater Grundlage<\/p>\n<p>1837\u201eLehrer-Spiegel\u201c zu Ehren von Dr. Harnisch<br \/>\nErwerb d. Gutes\u00a0Fild\u00a0bei Moers (190 Morgen)<\/p>\n<p>1838\u201eWegweiser f\u00fcr\u00a0Bibelleser\u201c<br \/>\nGr\u00fcndung einer \u201eFreien Konferenz\u201c mit Pastor\u00a0Br\u00e4ken, Neukirchen<br \/>\nGr\u00fcndung einer Taubstummenanstalt<br \/>\nSchulkalender, Gesangbuch, Katechismus\u00a0f.d.Unterricht<br \/>\nMartin-Luther-Handbuch 2. Teil<\/p>\n<p>1841Grundsteinlegung und Bau d.\u00a0Erziehungshauses 1 auf Gut\u00a0Fild<\/p>\n<p>1843Einsturz d.\u00a02. Erziehungshauses w\u00e4hrend der Bauphase<\/p>\n<p>1844Schulchronik 1.\u00a0Jahrg. (hrgg. bis 1854)<br \/>\n\"From the church song\"<br \/>\nGr\u00fcndung der \u201eFilder\u00a0Lehrerkonferenz\u201c<br \/>\nBibelkonferenz in Ruhrort<\/p>\n<p>184525 Jahre Lehrerseminar in Moers, Jubelfeier<br \/>\nBeginn d.\u00a0\u00f6ffentlichen Eingreifens\u00a0i.d.Schulpolitik,<br \/>\nEingaben an Minister Eichhorn<br \/>\nDenkschrift: \u201eEin Wort \u00fcber die Leitung des Volkschulwesens\u201c<br \/>\n(ver\u00f6fftl.\u00a0i.d.\u00a0Schulchronik 1845). Dies gilt als erstes Beispiel<br \/>\ni.d. Schul- u. Kirchengeschichte, das Anspr\u00fcche d. Volkschul-Lehrerstandes formuliert<br \/>\nReport of the Prussian School Administration,<br \/>\nRechtfertigung d.\u00a0F.L.Zahn<\/p>\n<p>1846Erscheinen d. 1. Ausgabe der \u201eDorfchronik\u201c (bis 1885),<br \/>\nsp\u00e4ter auch genannt \u201eDer\u00a0Grafschafter\u201c gilt als eine Vorg\u00e4nger -Zeitschrift d. heutigen Rheinischen Post<\/p>\n<p>1848Teilnahme\u00a0a.d.\u00a0Lehrerversammlung in St.\u00a0Goar<br \/>\nDenkschrift: In Sachen des Volkschulwesens<br \/>\nGr\u00fcndung des \u201eVereins evangelischer Lehrer- und Schulfreunde\u201c<br \/>\n(Zweck: freie Konferenzt\u00e4tigkeit)<\/p>\n<p>1849Teilnahme am Ev. Kirchentag in Wittenberg<\/p>\n<p>1850Teilnahme am Ev. Kirchentag in Stuttgart<br \/>\nHrg. \u201eFilder\u00a0Bibelkalender\u201c<\/p>\n<p>1852Silberhochzeit\u00a0(Anna u. Franz Ludwig haben 11 Kinder,<br \/>\ndavon erreichen 8 das Erwachsenenalter)<\/p>\n<p>1853Besuch d. Preu\u00dfischen K\u00f6nigs, Friedrich Wilhelm VI,<br \/>\nim Lehrerseminar und auf Gut\u00a0Fild\u00a0bei\u00a0F.L.Zahn.<br \/>\nEr erteilt die Erlaubnis zur Gr\u00fcndung eines privaten Familienfriedhofs auf dem Gel\u00e4nde des Gutes\u00a0Fild<\/p>\n<p>Death of Anna Schlatter<\/p>\n<p>1854\u00a0Einstellung d. Schulchronik<\/p>\n<p>1855Heirat mit Josefine Trip<\/p>\n<p>1857Niederlegung d.\u00a0Amtes als Direktor d.\u00a0Preu\u00dfischen\u00a0Lehrerseminars Moers,\u00a0\u00dcbernahme des Amtes als Schulpfleger<\/p>\n<p>1858Gr\u00fcndung \u201eEvangelisches\u00a0Schulbatt\u00a0f. Rheinland u. Westfalen\u201c<\/p>\n<p>1861Reise nach Berlin<\/p>\n<p>1870Besuch d. Elsass im Krieg<\/p>\n<p>1880 \u2013 83stellt d. Waisenberg zur Gr\u00fcndung der \u201eRettungsanstalt\u00a0Elim\u201c<br \/>\nzur Verf\u00fcgung<\/p>\n<p>1882 50j\u00e4hriges Dienstjubil\u00e4um, Festrede von F.W.D\u00f6rpfeld<\/p>\n<p>1885Beendigung d. Mitarbeit\u00a0a.d.\u00a0Dorfchronik<\/p>\n<p>1887Schlie\u00dfung d. \u201eFilder\u00a0Erziehungsanstalten\u201c, Krankheiten<br \/>\nTod von Josefine Trip<\/p>\n<p>20.03.1890 Todestag von Franz Ludwig Zahn<\/p>\n<p>Beerdigung auf dem Zahn\u00b4schen Familienfriedhof auf dem Gel\u00e4nde des Gutes\u00a0Fild<\/p>","protected":false},"excerpt":{"rendered":"<p>6.10.1798geboren in Wasserthaleben (heute: Th\u00fcringen) als 5. Kind von 13, Vater: Johann Gottlieb Zahn, daselbst Pfarrer an der evangelisch-lutherischen Kirche in 3. Generation in Folge, Mutter: Anna geb. Koch 1815Jurastudium in Jena 1822Theologiestudium in Berlin, Aufnahme bei Baron v.\u00a0Kottwitz 1823Reise mit v.\u00a0Kottwitz\u00a0nach Schlesien 1825wendet sich der Lehrerbildung zu 1825 \u2013 27Lehrer am Schullehrerseminar in Wei\u00dfenfels&hellip;<\/p>","protected":false},"author":2,"featured_media":0,"parent":0,"menu_order":0,"comment_status":"closed","ping_status":"closed","template":"","meta":{"footnotes":""},"class_list":["post-181","page","type-page","status-publish","hentry","description-off"],"yoast_head":"<!-- This site is optimized with the Yoast SEO plugin v26.6 - https:\/\/yoast.com\/wordpress\/plugins\/seo\/ -->\n<title>Zeittafel Franz Ludwig Zahn - Familie Zahn<\/title>\n<meta name=\"robots\" content=\"index, follow, max-snippet:-1, max-image-preview:large, max-video-preview:-1\" \/>\n<link rel=\"canonical\" href=\"https:\/\/familiezahn.de\/en\/zeittafel-franz-ludwig-zahn\/\" \/>\n<meta property=\"og:locale\" content=\"en_US\" \/>\n<meta property=\"og:type\" content=\"article\" \/>\n<meta property=\"og:title\" content=\"Zeittafel Franz Ludwig Zahn - Familie Zahn\" \/>\n<meta property=\"og:description\" content=\"6.10.1798geboren in Wasserthaleben (heute: Th\u00fcringen) als 5. Kind von 13, Vater: Johann Gottlieb Zahn, daselbst Pfarrer an der evangelisch-lutherischen Kirche in 3. Generation in Folge, Mutter: Anna geb. Koch 1815Jurastudium in Jena 1822Theologiestudium in Berlin, Aufnahme bei Baron v.\u00a0Kottwitz 1823Reise mit v.\u00a0Kottwitz\u00a0nach Schlesien 1825wendet sich der Lehrerbildung zu 1825 \u2013 27Lehrer am Schullehrerseminar in Wei\u00dfenfels&hellip;\" \/>\n<meta property=\"og:url\" content=\"https:\/\/familiezahn.de\/en\/zeittafel-franz-ludwig-zahn\/\" \/>\n<meta property=\"og:site_name\" content=\"Familie Zahn\" \/>\n<meta property=\"article:modified_time\" content=\"2021-01-23T17:38:06+00:00\" \/>\n<meta name=\"twitter:card\" content=\"summary_large_image\" \/>\n<meta name=\"twitter:label1\" content=\"Est. reading time\" \/>\n\t<meta name=\"twitter:data1\" content=\"3 minutes\" \/>\n<script type=\"application\/ld+json\" class=\"yoast-schema-graph\">{\"@context\":\"https:\/\/schema.org\",\"@graph\":[{\"@type\":\"WebPage\",\"@id\":\"https:\/\/familiezahn.de\/zeittafel-franz-ludwig-zahn\/\",\"url\":\"https:\/\/familiezahn.de\/zeittafel-franz-ludwig-zahn\/\",\"name\":\"Zeittafel Franz Ludwig Zahn - Familie Zahn\",\"isPartOf\":{\"@id\":\"https:\/\/familiezahn.de\/#website\"},\"datePublished\":\"2021-01-23T17:29:36+00:00\",\"dateModified\":\"2021-01-23T17:38:06+00:00\",\"breadcrumb\":{\"@id\":\"https:\/\/familiezahn.de\/zeittafel-franz-ludwig-zahn\/#breadcrumb\"},\"inLanguage\":\"en-US\",\"potentialAction\":[{\"@type\":\"ReadAction\",\"target\":[\"https:\/\/familiezahn.de\/zeittafel-franz-ludwig-zahn\/\"]}]},{\"@type\":\"BreadcrumbList\",\"@id\":\"https:\/\/familiezahn.de\/zeittafel-franz-ludwig-zahn\/#breadcrumb\",\"itemListElement\":[{\"@type\":\"ListItem\",\"position\":1,\"name\":\"Startseite\",\"item\":\"https:\/\/familiezahn.de\/\"},{\"@type\":\"ListItem\",\"position\":2,\"name\":\"Zeittafel Franz Ludwig Zahn\"}]},{\"@type\":\"WebSite\",\"@id\":\"https:\/\/familiezahn.de\/#website\",\"url\":\"https:\/\/familiezahn.de\/\",\"name\":\"Familie Zahn\",\"description\":\"Eine weitere WordPress-Website\",\"potentialAction\":[{\"@type\":\"SearchAction\",\"target\":{\"@type\":\"EntryPoint\",\"urlTemplate\":\"https:\/\/familiezahn.de\/?s={search_term_string}\"},\"query-input\":{\"@type\":\"PropertyValueSpecification\",\"valueRequired\":true,\"valueName\":\"search_term_string\"}}],\"inLanguage\":\"en-US\"}]}<\/script>\n<!-- \/ Yoast SEO plugin. -->","yoast_head_json":{"title":"Zeittafel Franz Ludwig Zahn - Familie Zahn","robots":{"index":"index","follow":"follow","max-snippet":"max-snippet:-1","max-image-preview":"max-image-preview:large","max-video-preview":"max-video-preview:-1"},"canonical":"https:\/\/familiezahn.de\/en\/zeittafel-franz-ludwig-zahn\/","og_locale":"en_US","og_type":"article","og_title":"Zeittafel Franz Ludwig Zahn - Familie Zahn","og_description":"6.10.1798geboren in Wasserthaleben (heute: Th\u00fcringen) als 5. Kind von 13, Vater: Johann Gottlieb Zahn, daselbst Pfarrer an der evangelisch-lutherischen Kirche in 3. Generation in Folge, Mutter: Anna geb. Koch 1815Jurastudium in Jena 1822Theologiestudium in Berlin, Aufnahme bei Baron v.\u00a0Kottwitz 1823Reise mit v.\u00a0Kottwitz\u00a0nach Schlesien 1825wendet sich der Lehrerbildung zu 1825 \u2013 27Lehrer am Schullehrerseminar in Wei\u00dfenfels&hellip;","og_url":"https:\/\/familiezahn.de\/en\/zeittafel-franz-ludwig-zahn\/","og_site_name":"Familie Zahn","article_modified_time":"2021-01-23T17:38:06+00:00","twitter_card":"summary_large_image","twitter_misc":{"Est. reading time":"3 minutes"},"schema":{"@context":"https:\/\/schema.org","@graph":[{"@type":"WebPage","@id":"https:\/\/familiezahn.de\/zeittafel-franz-ludwig-zahn\/","url":"https:\/\/familiezahn.de\/zeittafel-franz-ludwig-zahn\/","name":"Zeittafel Franz Ludwig Zahn - Familie Zahn","isPartOf":{"@id":"https:\/\/familiezahn.de\/#website"},"datePublished":"2021-01-23T17:29:36+00:00","dateModified":"2021-01-23T17:38:06+00:00","breadcrumb":{"@id":"https:\/\/familiezahn.de\/zeittafel-franz-ludwig-zahn\/#breadcrumb"},"inLanguage":"en-US","potentialAction":[{"@type":"ReadAction","target":["https:\/\/familiezahn.de\/zeittafel-franz-ludwig-zahn\/"]}]},{"@type":"BreadcrumbList","@id":"https:\/\/familiezahn.de\/zeittafel-franz-ludwig-zahn\/#breadcrumb","itemListElement":[{"@type":"ListItem","position":1,"name":"Startseite","item":"https:\/\/familiezahn.de\/"},{"@type":"ListItem","position":2,"name":"Zeittafel Franz Ludwig Zahn"}]},{"@type":"WebSite","@id":"https:\/\/familiezahn.de\/#website","url":"https:\/\/familiezahn.de\/","name":"Zahn family","description":"Eine weitere WordPress-Website","potentialAction":[{"@type":"SearchAction","target":{"@type":"EntryPoint","urlTemplate":"https:\/\/familiezahn.de\/?s={search_term_string}"},"query-input":{"@type":"PropertyValueSpecification","valueRequired":true,"valueName":"search_term_string"}}],"inLanguage":"en-US"}]}},"_links":{"self":[{"href":"https:\/\/familiezahn.de\/en\/wp-json\/wp\/v2\/pages\/181","targetHints":{"allow":["GET"]}}],"collection":[{"href":"https:\/\/familiezahn.de\/en\/wp-json\/wp\/v2\/pages"}],"about":[{"href":"https:\/\/familiezahn.de\/en\/wp-json\/wp\/v2\/types\/page"}],"author":[{"embeddable":true,"href":"https:\/\/familiezahn.de\/en\/wp-json\/wp\/v2\/users\/2"}],"replies":[{"embeddable":true,"href":"https:\/\/familiezahn.de\/en\/wp-json\/wp\/v2\/comments?post=181"}],"version-history":[{"count":3,"href":"https:\/\/familiezahn.de\/en\/wp-json\/wp\/v2\/pages\/181\/revisions"}],"predecessor-version":[{"id":184,"href":"https:\/\/familiezahn.de\/en\/wp-json\/wp\/v2\/pages\/181\/revisions\/184"}],"wp:attachment":[{"href":"https:\/\/familiezahn.de\/en\/wp-json\/wp\/v2\/media?parent=181"}],"curies":[{"name":"wp","href":"https:\/\/api.w.org\/{rel}","templated":true}]}}